{"id":133117,"date":"2023-11-10T14:35:08","date_gmt":"2023-11-10T13:35:08","guid":{"rendered":"https:\/\/www.chaka2.com\/privacy\/"},"modified":"2026-03-26T09:16:07","modified_gmt":"2026-03-26T08:16:07","slug":"datenschutz","status":"publish","type":"page","link":"https:\/\/www.chaka2.com\/de\/datenschutz\/","title":{"rendered":"Datenschutz"},"content":{"rendered":"<div class=\"wpb-content-wrapper\"><p>[vc_row row_height_percent=&#8220;0&#8243; override_padding=&#8220;yes&#8220; h_padding=&#8220;2&#8243; top_padding=&#8220;6&#8243; bottom_padding=&#8220;2&#8243; back_color=&#8220;color-xsdn&#8220; overlay_alpha=&#8220;50&#8243; gutter_size=&#8220;3&#8243; column_width_percent=&#8220;100&#8243; shift_y=&#8220;0&#8243; z_index=&#8220;0&#8243; changer_back_color=&#8220;yes&#8220; uncode_shortcode_id=&#8220;826279&#8243; back_color_type=&#8220;uncode-palette&#8220;][vc_column width=&#8220;1\/1&#8243;][vc_custom_heading heading_semantic=&#8220;h1&#8243; text_size=&#8220;fontsize-338686&#8243; uncode_shortcode_id=&#8220;114997&#8243;]Datenschutzbestimmungen[\/vc_custom_heading][\/vc_column][\/vc_row][vc_row row_height_percent=&#8220;0&#8243; override_padding=&#8220;yes&#8220; h_padding=&#8220;2&#8243; top_padding=&#8220;2&#8243; bottom_padding=&#8220;5&#8243; back_color=&#8220;color-xsdn&#8220; overlay_alpha=&#8220;50&#8243; gutter_size=&#8220;3&#8243; column_width_percent=&#8220;100&#8243; shift_y=&#8220;0&#8243; z_index=&#8220;0&#8243; changer_back_color=&#8220;yes&#8220; css_animation=&#8220;&#8220; row_type=&#8220;row&#8220; use_row_as_full_screen_section=&#8220;no&#8220; type=&#8220;full_width&#8220; angled_section=&#8220;no&#8220; text_align=&#8220;left&#8220; background_image_as_pattern=&#8220;without_pattern&#8220; uncode_shortcode_id=&#8220;769629&#8243; back_color_type=&#8220;uncode-palette&#8220;][vc_column][vc_column_text uncode_shortcode_id=&#8220;143363&#8243;]Haftungsausschluss<br \/>\nDie Chaka2 GmbH pr\u00fcft und aktualisiert die Informationen auf dieser Website st\u00e4ndig. Trotz sorgf\u00e4ltiger Pr\u00fcfung k\u00f6nnen sich die Daten zwischenzeitlich ver\u00e4ndert haben. Eine Haftung oder Garantie f\u00fcr die Aktualit\u00e4t, Richtigkeit und Vollst\u00e4ndigkeit der zur Verf\u00fcgung gestellten Informationen kann daher nicht \u00fcbernommen werden. Insbesondere wird keine inhaltliche oder rechtliche Verantwortung f\u00fcr Informationsanbieter \u00fcbernommen, auf die in Texten oder Linkverzeichnissen von www.chaka2.com per Hyperlink verwiesen wird.<\/p>\n<p>Der Inhalt, die Fotos und die Struktur von www.chaka2.com sind urheberrechtlich gesch\u00fctzt. Die Vervielf\u00e4ltigung von Informationen, insbesondere die Verwendung von Texten, Textteilen oder Bildmaterial, bedarf der vorherigen Zustimmung der chaka2 GmbH.<\/p>\n<p><strong>Rechtlicher Hinweis<\/strong><\/p>\n<p>Im Hinblick auf die technischen Eigenschaften des Internet kann keine Gew\u00e4hr f\u00fcr die Authentizit\u00e4t, Richtigkeit und Vollst\u00e4ndigkeit der im Internet zur Verf\u00fcgung gestellten Informationen \u00fcbernommen werden. Es wird auch keine Gew\u00e4hr f\u00fcr die Verf\u00fcgbarkeit oder den Betrieb der gegenst\u00e4ndlichen Website und ihrer Inhalte \u00fcbernommen.<\/p>\n<p>&nbsp;<\/p>\n<h4>Google-Analytik<\/h4>\n<p>Diese Website benutzt Google Analytics, einen Webanalysedienst der Google Inc (&#8222;Google&#8220;). Google Analytics verwendet sog. &#8222;Cookies&#8220;, Textdateien, die auf Ihrem Computer gespeichert werden und die eine Analyse der Benutzung der Website durch Sie erm\u00f6glichen. Die durch den Cookie erzeugten Informationen \u00fcber Ihre Benutzung dieser Website (einschlie\u00dflich Ihrer IP-Adresse) werden an einen Server von Google in den Vereinigten Staaten \u00fcbertragen und dort gespeichert. Google wird diese Informationen benutzen, um Ihre Nutzung der Website auszuwerten, um Reports \u00fcber die Websiteaktivit\u00e4ten f\u00fcr die Websitebetreiber zusammenzustellen und um weitere mit der Websitenutzung und der Internetnutzung verbundene Dienstleistungen zu erbringen. Auch wird Google diese Informationen gegebenenfalls an Dritte \u00fcbertragen, sofern dies gesetzlich vorgeschrieben oder soweit Dritte diese Daten im Auftrag von Google verarbeiten. Google wird Ihre IP-Adresse nicht mit anderen von Google gespeicherten Daten in Verbindung bringen. Sie k\u00f6nnen die Installation der Cookies durch eine entsprechende Einstellung Ihrer Browser Software verhindern; wir weisen Sie jedoch darauf hin, dass Sie in diesem Fall gegebenenfalls nicht s\u00e4mtliche Funktionen dieser Website voll umf\u00e4nglich nutzen k\u00f6nnen. Durch die Nutzung dieser Website erkl\u00e4ren Sie sich mit der Bearbeitung der \u00fcber Sie erhobenen Daten durch Google in der zuvor beschriebenen Art und Weise und zu dem zuvor benannten Zweck einverstanden.<\/p>\n<p>Erkl\u00e4rung zur Informationspflicht &#8211; Datenschutzpolitik<br \/>\nDer Schutz Ihrer pers\u00f6nlichen Daten ist uns ein besonderes Anliegen. Wir verarbeiten Ihre Daten daher ausschlie\u00dflich auf der Grundlage der gesetzlichen Bestimmungen (GDPR, TKG 2003). In dieser Datenschutzinformation informieren wir Sie \u00fcber die wichtigsten Aspekte der Datenverarbeitung auf unserer Website.<\/p>\n<p>&nbsp;<\/p>\n<h4>Kontakt mit uns<\/h4>\n<p>Wenn Sie per E-Mail Kontakt mit uns aufnehmen, werden Ihre angegebenen Daten zwecks Bearbeitung der Anfrage und f\u00fcr den Fall von Anschlussfragen sechs Monate bei uns gespeichert. Diese Daten geben wir nicht ohne Ihre Einwilligung weiter. Dies gilt auch f\u00fcr alle von der Chaka2 GmbH betriebenen Websites.<\/p>\n<p>&nbsp;<\/p>\n<h4>Speicherung von Daten<\/h4>\n<p>Wir weisen darauf hin, dass der Webshop-Betreiber zum Zwecke der Vereinfachung des Einkaufsvorgangs (www.shop.chaka2.com) und zur sp\u00e4teren Vertragsabwicklung die IP-Daten des Anschlussinhabers im Rahmen von Cookies speichert, ebenso wie Name, Anschrift, E-Mail-Kontakt und Paypal-Kontakt des K\u00e4ufers.<\/p>\n<p>Dar\u00fcber hinaus werden zum Zwecke der Vertragsabwicklung folgende Daten bei uns gespeichert: Name, Anschrift, E-Mail-Kontakt, Paypal-Kontakt.Die von Ihnen angegebenen Daten sind zur Vertragserf\u00fcllung oder zur Durchf\u00fchrung vorvertraglicher Ma\u00dfnahmen erforderlich. Ohne diese Daten k\u00f6nnen wir den Vertrag mit Ihnen nicht abschlie\u00dfen. Eine Weitergabe der Daten an Dritte erfolgt nicht, mit Ausnahme der Weitergabe der Paypal-Kontaktdaten an das abwickelnde Kreditinstitut\/Zahlungsdienstleister zum Zwecke der Abbuchung des Kaufpreises, an das von uns beauftragte Transportunternehmen\/Versandunternehmen zur Zustellung der Ware und an unseren Steuerberater zur Erf\u00fcllung unserer steuerlichen Pflichten.<\/p>\n<p>Nach Abbruch des Kaufvorgangs werden die bei uns gespeicherten Daten gel\u00f6scht. Kommt es zu einem Vertragsabschluss, werden alle Daten aus dem Vertragsverh\u00e4ltnis bis zum Ablauf der steuerlichen Aufbewahrungsfrist (7 Jahre) gespeichert.<\/p>\n<p>Die Daten Name, Adresse, gekaufte Ware und Kaufdatum werden ebenfalls bis zum Ablauf der Produkthaftung (10 Jahre) gespeichert. Die Datenverarbeitung erfolgt auf der Grundlage der gesetzlichen Bestimmungen des \u00a7 96 Abs. 3 TKG und Art. 6 Abs. 1 lit a (Einwilligung) und\/oder lit b (zur Vertragserf\u00fcllung erforderlich) der GDPR.<\/p>\n<h4><\/h4>\n<h4>Cookies<\/h4>\n<p>Unsere Website verwendet sogenannte Cookies. Dies sind kleine Textdateien, die mit Hilfe des Browsers auf Ihrem Endger\u00e4t gespeichert werden. Sie richten keinen Schaden an. Wir setzen Cookies ein, um unser Angebot nutzerfreundlich zu gestalten. Einige Cookies bleiben auf Ihrem Endger\u00e4t gespeichert, bis Sie sie l\u00f6schen. Sie erm\u00f6glichen es uns, Ihren Browser bei Ihrem n\u00e4chsten Besuch wiederzuerkennen. Wenn Sie dies nicht w\u00fcnschen, k\u00f6nnen Sie Ihren Browser so einstellen, dass er Sie \u00fcber das Setzen von Cookies informiert und Sie dies nur im Einzelfall erlauben.<\/p>\n<p>Wenn Sie Cookies deaktivieren, kann die Funktionalit\u00e4t unserer Website eingeschr\u00e4nkt sein.<\/p>\n<p>&nbsp;<\/p>\n<h4>Web-Analyse<\/h4>\n<p>Unsere Website nutzt Funktionen des Webanalysedienstes wie Google Analytics. Hierf\u00fcr werden Cookies verwendet, die eine Analyse der Benutzung der Website durch Sie erm\u00f6glichen. Die so erzeugten Informationen werden an den Server des Anbieters \u00fcbertragen und dort gespeichert. Sie k\u00f6nnen dies verhindern, indem Sie Ihren Browser so einstellen, dass keine Cookies gespeichert werden. Mit dem Anbieter haben wir einen entsprechenden Vertrag zur Auftragsdatenverarbeitung abgeschlossen. Die Datenverarbeitung erfolgt auf der Grundlage der gesetzlichen Bestimmungen des \u00a7 96 Abs. 3 TKG und Art. 6 Abs. 1 lit a (Einwilligung) und\/oder f (berechtigtes Interesse) der GDPR. Unser Anliegen im Sinne der GDPR (berechtigtes Interesse) ist die Verbesserung unseres Angebots und unserer Website. Da uns die Privatsph\u00e4re unserer Nutzer wichtig ist, werden die Nutzerdaten pseudonymisiert. Die Nutzerdaten werden f\u00fcr einen Zeitraum von 12 Monaten gespeichert.<\/p>\n<p>&nbsp;<\/p>\n<h4>Newsletter<\/h4>\n<p>Sie haben die M\u00f6glichkeit, sich \u00fcber unsere Website f\u00fcr unseren Newsletter anzumelden. Hierf\u00fcr ben\u00f6tigen wir Ihre E-Mail-Adresse und Ihre Erkl\u00e4rung, dass Sie mit dem Empfang des Newsletters einverstanden sind. Um Ihnen gezielte Informationen zukommen zu lassen, erheben und verarbeiten wir auch freiwillige Angaben zu Ihren Interessengebieten, Ihrem Geburtstag und Ihrer Postleitzahl. Sobald Sie sich f\u00fcr den Newsletter angemeldet haben, senden wir Ihnen eine Best\u00e4tigungs-E-Mail mit einem Link zur Best\u00e4tigung Ihrer Anmeldung. Sie k\u00f6nnen das Abonnement des Newsletters jederzeit k\u00fcndigen. Bitte senden Sie Ihre Abmeldung an folgende E-Mail Adresse: info@chaka2.com. Wir werden dann umgehend Ihre Daten im Zusammenhang mit dem Newsletterversand l\u00f6schen.<\/p>\n<p>&nbsp;<\/p>\n<h4>Ihre Rechte<\/h4>\n<p>Sie haben grunds\u00e4tzlich die Rechte auf Auskunft, Berichtigung, L\u00f6schung, Einschr\u00e4nkung, Daten\u00fcbertragbarkeit, Widerruf und Widerspruch. Wenn Sie der Meinung sind, dass die Verarbeitung Ihrer Daten gegen das Datenschutzrecht verst\u00f6\u00dft oder Ihre Datenschutzrechte in sonstiger Weise verletzt wurden, k\u00f6nnen Sie eine Beschwerde bei der Aufsichtsbeh\u00f6rde einreichen. In \u00d6sterreich ist dies die Datenschutzbeh\u00f6rde.<\/p>\n<p>&nbsp;<\/p>\n<h4>Nutzung der SalesViewer\u00ae-Technologie<\/h4>\n<p>Auf dieser Webseite werden mit der SalesViewer\u00ae-Technologie der SalesViewer\u00ae GmbH auf Grundlage berechtigter Interessen des Webseitenbetreibers (Art. 6 Abs.1 lit.f DSGVO) Daten zu Marketing-, Marktforschungs- und Optimierungszwecken gesammelt und gespeichert.\u00a0Hierzu wird ein javascript-basierter Code eingesetzt, der zur Erhebung unternehmensbezogener Daten und der entsprechenden Nutzung dient. Die mit dieser Technologie erhobenen Daten werden \u00fcber eine nicht r\u00fcckrechenbare Einwegfunktion (sog. Hashing) verschl\u00fcsselt. Die Daten werden unmittelbar pseudonymisiert und nicht dazu benutzt, den Besucher dieser Webseite pers\u00f6nlich zu identifizieren.\u00a0Die im Rahmen von Salesviewer\u00ae gespeicherten Daten werden gel\u00f6scht, sobald sie f\u00fcr ihre Zweckbestimmung nicht mehr erforderlich sind und der L\u00f6schung keine gesetzlichen Aufbewahrungspflichten entgegenstehen.\u00a0Der Datenerhebung und -speicherung kann jederzeit mit Wirkung f\u00fcr die Zukunft widersprochen werden, indem Sie bitte diesen Link <a href=\"https:\/\/www.salesviewer.com\/opt-out\">https:\/\/www.salesviewer.com\/opt-out<\/a>anklicken, um die Erfassung durch SalesViewer\u00ae innerhalb dieser Webseite zuk\u00fcnftig zu verhindern. Dabei wird ein Opt-out-Cookie f\u00fcr diese Webseite auf Ihrem Ger\u00e4t abgelegt. L\u00f6schen Sie Ihre Cookies in diesem Browser, m\u00fcssen Sie diesen Link erneut klicken.<\/p>\n<p>&nbsp;<\/p>\n<p>Sie k\u00f6nnen uns unter den folgenden Kontaktdaten erreichen: Chaka2 GmbH, info@chaka2.com, +43 664 2105986<\/p>\n<p>Unseren Datenschutzbeauftragten erreichen Sie unter info@chaka2.com.[\/vc_column_text][\/vc_column][\/vc_row]<\/p>\n<\/div>","protected":false},"excerpt":{"rendered":"<p>[vc_row row_height_percent=&#8220;0&#8243; override_padding=&#8220;yes&#8220; h_padding=&#8220;2&#8243; top_padding=&#8220;6&#8243; bottom_padding=&#8220;2&#8243; back_color=&#8220;color-xsdn&#8220; overlay_alpha=&#8220;50&#8243; gutter_size=&#8220;3&#8243; column_width_percent=&#8220;100&#8243; shift_y=&#8220;0&#8243; z_index=&#8220;0&#8243; changer_back_color=&#8220;yes&#8220; uncode_shortcode_id=&#8220;826279&#8243; back_color_type=&#8220;uncode-palette&#8220;][vc_column width=&#8220;1\/1&#8243;][vc_custom_heading heading_semantic=&#8220;h1&#8243; text_size=&#8220;fontsize-338686&#8243; uncode_shortcode_id=&#8220;114997&#8243;]Datenschutzbestimmungen[\/vc_custom_heading][\/vc_column][\/vc_row][vc_row row_height_percent=&#8220;0&#8243; [&hellip;]<\/p>\n","protected":false},"author":1,"featured_media":0,"parent":0,"menu_order":6,"comment_status":"closed","ping_status":"closed","template":"","meta":{"footnotes":""},"class_list":["post-133117","page","type-page","status-publish","hentry"],"yoast_head":"<!-- This site is optimized with the Yoast SEO plugin v27.5 - https:\/\/yoast.com\/product\/yoast-seo-wordpress\/ -->\n<title>Datenschutz | Chaka2<\/title>\n<meta name=\"robots\" content=\"index, follow, max-snippet:-1, max-image-preview:large, max-video-preview:-1\" \/>\n<link rel=\"canonical\" href=\"https:\/\/www.chaka2.com\/de\/datenschutz\/\" \/>\n<meta property=\"og:locale\" content=\"de_DE\" \/>\n<meta property=\"og:type\" content=\"article\" \/>\n<meta property=\"og:title\" content=\"Datenschutz | Chaka2\" \/>\n<meta property=\"og:description\" content=\"[vc_row row_height_percent=&#8220;0&#8243; override_padding=&#8220;yes&#8220; h_padding=&#8220;2&#8243; top_padding=&#8220;6&#8243; bottom_padding=&#8220;2&#8243; back_color=&#8220;color-xsdn&#8220; overlay_alpha=&#8220;50&#8243; gutter_size=&#8220;3&#8243; column_width_percent=&#8220;100&#8243; shift_y=&#8220;0&#8243; z_index=&#8220;0&#8243; changer_back_color=&#8220;yes&#8220; uncode_shortcode_id=&#8220;826279&#8243; back_color_type=&#8220;uncode-palette&#8220;][vc_column width=&#8220;1\/1&#8243;][vc_custom_heading heading_semantic=&#8220;h1&#8243; text_size=&#8220;fontsize-338686&#8243; uncode_shortcode_id=&#8220;114997&#8243;]Datenschutzbestimmungen[\/vc_custom_heading][\/vc_column][\/vc_row][vc_row row_height_percent=&#8220;0&#8243; [&hellip;]\" \/>\n<meta property=\"og:url\" content=\"https:\/\/www.chaka2.com\/de\/datenschutz\/\" \/>\n<meta property=\"og:site_name\" content=\"Chaka2\" \/>\n<meta property=\"article:modified_time\" content=\"2026-03-26T08:16:07+00:00\" \/>\n<meta property=\"og:image\" content=\"https:\/\/www.chaka2.com\/wp-content\/uploads\/Chaka2_Black_Logo_1200x675.png\" \/>\n\t<meta property=\"og:image:width\" content=\"1200\" \/>\n\t<meta property=\"og:image:height\" content=\"675\" \/>\n\t<meta property=\"og:image:type\" content=\"image\/png\" \/>\n<meta name=\"twitter:card\" content=\"summary_large_image\" \/>\n<meta name=\"twitter:label1\" content=\"Gesch\u00e4tzte Lesezeit\" \/>\n\t<meta name=\"twitter:data1\" content=\"7\u00a0Minuten\" \/>\n<script type=\"application\/ld+json\" class=\"yoast-schema-graph\">{\"@context\":\"https:\\\/\\\/schema.org\",\"@graph\":[{\"@type\":\"WebPage\",\"@id\":\"https:\\\/\\\/www.chaka2.com\\\/de\\\/datenschutz\\\/\",\"url\":\"https:\\\/\\\/www.chaka2.com\\\/de\\\/datenschutz\\\/\",\"name\":\"Datenschutz | Chaka2\",\"isPartOf\":{\"@id\":\"https:\\\/\\\/www.chaka2.com\\\/de\\\/#website\"},\"datePublished\":\"2023-11-10T13:35:08+00:00\",\"dateModified\":\"2026-03-26T08:16:07+00:00\",\"breadcrumb\":{\"@id\":\"https:\\\/\\\/www.chaka2.com\\\/de\\\/datenschutz\\\/#breadcrumb\"},\"inLanguage\":\"de\",\"potentialAction\":[{\"@type\":\"ReadAction\",\"target\":[\"https:\\\/\\\/www.chaka2.com\\\/de\\\/datenschutz\\\/\"]}]},{\"@type\":\"BreadcrumbList\",\"@id\":\"https:\\\/\\\/www.chaka2.com\\\/de\\\/datenschutz\\\/#breadcrumb\",\"itemListElement\":[{\"@type\":\"ListItem\",\"position\":1,\"name\":\"Startseite\",\"item\":\"https:\\\/\\\/www.chaka2.com\\\/de\\\/\"},{\"@type\":\"ListItem\",\"position\":2,\"name\":\"Datenschutz\"}]},{\"@type\":\"WebSite\",\"@id\":\"https:\\\/\\\/www.chaka2.com\\\/de\\\/#website\",\"url\":\"https:\\\/\\\/www.chaka2.com\\\/de\\\/\",\"name\":\"Chaka2\",\"description\":\"The Live Marketing Agency in Salzburg\",\"publisher\":{\"@id\":\"https:\\\/\\\/www.chaka2.com\\\/de\\\/#organization\"},\"potentialAction\":[{\"@type\":\"SearchAction\",\"target\":{\"@type\":\"EntryPoint\",\"urlTemplate\":\"https:\\\/\\\/www.chaka2.com\\\/de\\\/?s={search_term_string}\"},\"query-input\":{\"@type\":\"PropertyValueSpecification\",\"valueRequired\":true,\"valueName\":\"search_term_string\"}}],\"inLanguage\":\"de\"},{\"@type\":\"Organization\",\"@id\":\"https:\\\/\\\/www.chaka2.com\\\/de\\\/#organization\",\"name\":\"Chaka2\",\"url\":\"https:\\\/\\\/www.chaka2.com\\\/de\\\/\",\"logo\":{\"@type\":\"ImageObject\",\"inLanguage\":\"de\",\"@id\":\"https:\\\/\\\/www.chaka2.com\\\/de\\\/#\\\/schema\\\/logo\\\/image\\\/\",\"url\":\"https:\\\/\\\/www.chaka2.com\\\/wp-content\\\/uploads\\\/Chaka2_Black_Logo.png\",\"contentUrl\":\"https:\\\/\\\/www.chaka2.com\\\/wp-content\\\/uploads\\\/Chaka2_Black_Logo.png\",\"width\":959,\"height\":247,\"caption\":\"Chaka2\"},\"image\":{\"@id\":\"https:\\\/\\\/www.chaka2.com\\\/de\\\/#\\\/schema\\\/logo\\\/image\\\/\"}}]}<\/script>\n<!-- \/ Yoast SEO plugin. -->","yoast_head_json":{"title":"Datenschutz | Chaka2","robots":{"index":"index","follow":"follow","max-snippet":"max-snippet:-1","max-image-preview":"max-image-preview:large","max-video-preview":"max-video-preview:-1"},"canonical":"https:\/\/www.chaka2.com\/de\/datenschutz\/","og_locale":"de_DE","og_type":"article","og_title":"Datenschutz | Chaka2","og_description":"[vc_row row_height_percent=&#8220;0&#8243; override_padding=&#8220;yes&#8220; h_padding=&#8220;2&#8243; top_padding=&#8220;6&#8243; bottom_padding=&#8220;2&#8243; back_color=&#8220;color-xsdn&#8220; overlay_alpha=&#8220;50&#8243; gutter_size=&#8220;3&#8243; column_width_percent=&#8220;100&#8243; shift_y=&#8220;0&#8243; z_index=&#8220;0&#8243; changer_back_color=&#8220;yes&#8220; uncode_shortcode_id=&#8220;826279&#8243; back_color_type=&#8220;uncode-palette&#8220;][vc_column width=&#8220;1\/1&#8243;][vc_custom_heading heading_semantic=&#8220;h1&#8243; text_size=&#8220;fontsize-338686&#8243; uncode_shortcode_id=&#8220;114997&#8243;]Datenschutzbestimmungen[\/vc_custom_heading][\/vc_column][\/vc_row][vc_row row_height_percent=&#8220;0&#8243; [&hellip;]","og_url":"https:\/\/www.chaka2.com\/de\/datenschutz\/","og_site_name":"Chaka2","article_modified_time":"2026-03-26T08:16:07+00:00","og_image":[{"width":1200,"height":675,"url":"https:\/\/www.chaka2.com\/wp-content\/uploads\/Chaka2_Black_Logo_1200x675.png","type":"image\/png"}],"twitter_card":"summary_large_image","twitter_misc":{"Gesch\u00e4tzte Lesezeit":"7\u00a0Minuten"},"schema":{"@context":"https:\/\/schema.org","@graph":[{"@type":"WebPage","@id":"https:\/\/www.chaka2.com\/de\/datenschutz\/","url":"https:\/\/www.chaka2.com\/de\/datenschutz\/","name":"Datenschutz | Chaka2","isPartOf":{"@id":"https:\/\/www.chaka2.com\/de\/#website"},"datePublished":"2023-11-10T13:35:08+00:00","dateModified":"2026-03-26T08:16:07+00:00","breadcrumb":{"@id":"https:\/\/www.chaka2.com\/de\/datenschutz\/#breadcrumb"},"inLanguage":"de","potentialAction":[{"@type":"ReadAction","target":["https:\/\/www.chaka2.com\/de\/datenschutz\/"]}]},{"@type":"BreadcrumbList","@id":"https:\/\/www.chaka2.com\/de\/datenschutz\/#breadcrumb","itemListElement":[{"@type":"ListItem","position":1,"name":"Startseite","item":"https:\/\/www.chaka2.com\/de\/"},{"@type":"ListItem","position":2,"name":"Datenschutz"}]},{"@type":"WebSite","@id":"https:\/\/www.chaka2.com\/de\/#website","url":"https:\/\/www.chaka2.com\/de\/","name":"Chaka2","description":"The Live Marketing Agency in Salzburg","publisher":{"@id":"https:\/\/www.chaka2.com\/de\/#organization"},"potentialAction":[{"@type":"SearchAction","target":{"@type":"EntryPoint","urlTemplate":"https:\/\/www.chaka2.com\/de\/?s={search_term_string}"},"query-input":{"@type":"PropertyValueSpecification","valueRequired":true,"valueName":"search_term_string"}}],"inLanguage":"de"},{"@type":"Organization","@id":"https:\/\/www.chaka2.com\/de\/#organization","name":"Chaka2","url":"https:\/\/www.chaka2.com\/de\/","logo":{"@type":"ImageObject","inLanguage":"de","@id":"https:\/\/www.chaka2.com\/de\/#\/schema\/logo\/image\/","url":"https:\/\/www.chaka2.com\/wp-content\/uploads\/Chaka2_Black_Logo.png","contentUrl":"https:\/\/www.chaka2.com\/wp-content\/uploads\/Chaka2_Black_Logo.png","width":959,"height":247,"caption":"Chaka2"},"image":{"@id":"https:\/\/www.chaka2.com\/de\/#\/schema\/logo\/image\/"}}]}},"_links":{"self":[{"href":"https:\/\/www.chaka2.com\/de\/wp-json\/wp\/v2\/pages\/133117","targetHints":{"allow":["GET"]}}],"collection":[{"href":"https:\/\/www.chaka2.com\/de\/wp-json\/wp\/v2\/pages"}],"about":[{"href":"https:\/\/www.chaka2.com\/de\/wp-json\/wp\/v2\/types\/page"}],"author":[{"embeddable":true,"href":"https:\/\/www.chaka2.com\/de\/wp-json\/wp\/v2\/users\/1"}],"replies":[{"embeddable":true,"href":"https:\/\/www.chaka2.com\/de\/wp-json\/wp\/v2\/comments?post=133117"}],"version-history":[{"count":6,"href":"https:\/\/www.chaka2.com\/de\/wp-json\/wp\/v2\/pages\/133117\/revisions"}],"predecessor-version":[{"id":133682,"href":"https:\/\/www.chaka2.com\/de\/wp-json\/wp\/v2\/pages\/133117\/revisions\/133682"}],"wp:attachment":[{"href":"https:\/\/www.chaka2.com\/de\/wp-json\/wp\/v2\/media?parent=133117"}],"curies":[{"name":"wp","href":"https:\/\/api.w.org\/{rel}","templated":true}]}}