{"id":146831,"date":"2026-01-16T16:10:58","date_gmt":"2026-01-16T15:10:58","guid":{"rendered":"https:\/\/www.chaka2.com\/?page_id=146831"},"modified":"2026-03-26T09:15:51","modified_gmt":"2026-03-26T08:15:51","slug":"code-of-conduct","status":"publish","type":"page","link":"https:\/\/www.chaka2.com\/de\/code-of-conduct\/","title":{"rendered":"Code of Conduct"},"content":{"rendered":"<div class=\"wpb-content-wrapper\"><p>[vc_row row_height_percent=&#8220;0&#8243; override_padding=&#8220;yes&#8220; h_padding=&#8220;2&#8243; top_padding=&#8220;6&#8243; bottom_padding=&#8220;2&#8243; back_color=&#8220;color-xsdn&#8220; overlay_alpha=&#8220;50&#8243; gutter_size=&#8220;3&#8243; column_width_percent=&#8220;100&#8243; shift_y=&#8220;0&#8243; z_index=&#8220;0&#8243; changer_back_color=&#8220;yes&#8220; uncode_shortcode_id=&#8220;167367&#8243; back_color_type=&#8220;uncode-palette&#8220;][vc_column width=&#8220;1\/1&#8243;][vc_custom_heading heading_semantic=&#8220;h1&#8243; text_size=&#8220;fontsize-338686&#8243; uncode_shortcode_id=&#8220;210894&#8243;]Code of Conduct in Bezug auf alle Formen von Bel\u00e4stigung und Diskriminierung.[\/vc_custom_heading][\/vc_column][\/vc_row][vc_row row_height_percent=&#8220;0&#8243; override_padding=&#8220;yes&#8220; h_padding=&#8220;2&#8243; top_padding=&#8220;2&#8243; bottom_padding=&#8220;5&#8243; back_color=&#8220;color-xsdn&#8220; overlay_alpha=&#8220;50&#8243; gutter_size=&#8220;3&#8243; column_width_percent=&#8220;100&#8243; shift_y=&#8220;0&#8243; z_index=&#8220;0&#8243; changer_back_color=&#8220;yes&#8220; row_type=&#8220;row&#8220; use_row_as_full_screen_section=&#8220;no&#8220; type=&#8220;full_width&#8220; angled_section=&#8220;no&#8220; text_align=&#8220;left&#8220; background_image_as_pattern=&#8220;without_pattern&#8220; uncode_shortcode_id=&#8220;769629&#8243; back_color_type=&#8220;uncode-palette&#8220;][vc_column width=&#8220;1\/2&#8243;][vc_column_text uncode_shortcode_id=&#8220;926076&#8243;]<\/p>\n<p style=\"font-weight: 400;\">Mit unserer internationalen Ausrichtung erm\u00f6glicht Chaka2 die Zusammenarbeit mit Kollegen, Kunden, Talenten, Partnern und Stakeholdern weltweit. Wir m\u00f6chten, dass unsere Agentur ein Ort ist, an dem jeder effektiv arbeiten, unkompliziert kommunizieren und sich sicher f\u00fchlen kann. Wir dulden keinerlei Sexismus, Rassismus oder Homophobie und setzen uns f\u00fcr ein diskriminierungsfreies Arbeitsumfeld f\u00fcr alle ein, unabh\u00e4ngig von Geschlecht, sexueller Orientierung, Behinderung, Aussehen, K\u00f6rpergr\u00f6\u00dfe, ethnischer Zugeh\u00f6rigkeit oder Religion. Dieser Code of Conduct soll dazu beitragen, ein sicheres und respektvolles Umfeld f\u00fcr alle zu schaffen, die mit oder in unserer Agentur arbeiten.<\/p>\n<h3 style=\"font-weight: 400;\"><strong>Reporting<\/strong><\/h3>\n<p style=\"font-weight: 400;\">Solltest Du ein Verhalten beobachten, das gegen diesen Code of Conduct verst\u00f6\u00dft, wende dich bitte info@chaka2.com oder an ein Mitglied des Chaka2 Managementteams. Chaka2 nimmt alle Meldungen ernst und k\u00fcmmert sich um die Angelegenheit. Gegebenenfalls bitten wir dich um weitere Informationen zum betreffenden Sachverhalt. Wir dulden keinerlei Bel\u00e4stigung und alle Teammitglieder sind verpflichtet, jederzeit darauf zu achten, dass ihr eigenes Verhalten andere nicht beleidigt \u2013 dasselbe erwarten wir auch von all unseren Partnern.<\/p>\n<p style=\"font-weight: 400;\"><strong>\u00a0<\/strong><\/p>\n<p style=\"font-weight: 400;\"><strong>\u00a0<\/strong><strong>\u00a0<\/strong><\/p>\n<h3 style=\"font-weight: 400;\"><strong>Inakzeptables Verhalten <\/strong><\/h3>\n<p style=\"font-weight: 400;\"><strong>\u00a0<\/strong><em>online oder pers\u00f6nlich<\/em><\/p>\n<ul>\n<li>Respektloses Verhalten gegen\u00fcber anderen, einschlie\u00dflich Witzen, Stereotyping oder abwertender Haltung.<\/li>\n<li>Pers\u00f6nliche Beleidigungen, insbesondere solche, die sich auf F\u00e4higkeiten, Geschlecht, Geschlechtsidentit\u00e4t, sexuelle Orientierung, ethnische Zugeh\u00f6rigkeit, Herkunft oder Religion beziehen.<\/li>\n<\/ul>\n<p>[\/vc_column_text][\/vc_column][vc_column width=&#8220;1\/2&#8243;][vc_column_text uncode_shortcode_id=&#8220;599699&#8243;]<\/p>\n<ul>\n<li>Gewalt, Gewaltandrohungen oder gewaltt\u00e4tige \u00c4u\u00dferungen gegen andere Personen.<\/li>\n<li>Sexistische, rassistische, homophobe, transphobe, ableistische oder anderweitig diskriminierende Witze, \u00c4u\u00dferungen oder Verhaltensweisen.<\/li>\n<li>Unerw\u00fcnschte, anz\u00fcgliche, abwertende oder unangemessene Spitznamen oder Bezeichnungen.<\/li>\n<li>Verbreitung negativer und sch\u00e4dlicher Ger\u00fcchte oder Klatsch \u00fcber andere Personen.<\/li>\n<li>Unangemessener K\u00f6rperkontakt, unerw\u00fcnschte sexuelle Ann\u00e4herungsversuche oder anz\u00fcgliches Verhalten.<\/li>\n<li>Verh\u00f6hnung, Nachahmung oder Herabw\u00fcrdigung der Behinderung oder Herkunft einer Person.<\/li>\n<li>Vors\u00e4tzliches Ignorieren, Ausgrenzen oder Isolieren anderer Teammitglieder.<\/li>\n<li>Bef\u00fcrwortung oder F\u00f6rderung der oben genannten Verhaltensweisen.<\/li>\n<\/ul>\n<p style=\"font-weight: 400;\"><span style=\"font-weight: 400;\">Neben dieser Liste inakzeptabler Verhaltensweisen ist zu beachten, dass jeder selbst am besten beurteilen kann, was er als beleidigend empfindet und was ihm Unbehagen bereitet. Setz beleidigendes Verhalten nicht fort, wenn Du dazu aufgefordert wirst.<\/span><\/p>\n<p>[\/vc_column_text][\/vc_column][\/vc_row]<\/p>\n<\/div>","protected":false},"excerpt":{"rendered":"<p>[vc_row row_height_percent=&#8220;0&#8243; override_padding=&#8220;yes&#8220; h_padding=&#8220;2&#8243; top_padding=&#8220;6&#8243; bottom_padding=&#8220;2&#8243; back_color=&#8220;color-xsdn&#8220; overlay_alpha=&#8220;50&#8243; gutter_size=&#8220;3&#8243; column_width_percent=&#8220;100&#8243; shift_y=&#8220;0&#8243; z_index=&#8220;0&#8243; changer_back_color=&#8220;yes&#8220; uncode_shortcode_id=&#8220;167367&#8243; back_color_type=&#8220;uncode-palette&#8220;][vc_column width=&#8220;1\/1&#8243;][vc_custom_heading heading_semantic=&#8220;h1&#8243; text_size=&#8220;fontsize-338686&#8243; uncode_shortcode_id=&#8220;210894&#8243;]Code of [&hellip;]<\/p>\n","protected":false},"author":4,"featured_media":0,"parent":0,"menu_order":6,"comment_status":"closed","ping_status":"closed","template":"","meta":{"footnotes":""},"class_list":["post-146831","page","type-page","status-publish","hentry"],"yoast_head":"<!-- This site is optimized with the Yoast SEO plugin v27.4 - https:\/\/yoast.com\/product\/yoast-seo-wordpress\/ -->\n<title>Code of Conduct | Chaka2<\/title>\n<meta name=\"robots\" content=\"index, follow, max-snippet:-1, max-image-preview:large, max-video-preview:-1\" \/>\n<link rel=\"canonical\" href=\"https:\/\/www.chaka2.com\/de\/code-of-conduct\/\" \/>\n<meta property=\"og:locale\" content=\"de_DE\" \/>\n<meta property=\"og:type\" content=\"article\" \/>\n<meta property=\"og:title\" content=\"Code of Conduct | Chaka2\" \/>\n<meta property=\"og:description\" content=\"[vc_row row_height_percent=&#8220;0&#8243; override_padding=&#8220;yes&#8220; h_padding=&#8220;2&#8243; top_padding=&#8220;6&#8243; bottom_padding=&#8220;2&#8243; back_color=&#8220;color-xsdn&#8220; overlay_alpha=&#8220;50&#8243; gutter_size=&#8220;3&#8243; column_width_percent=&#8220;100&#8243; shift_y=&#8220;0&#8243; z_index=&#8220;0&#8243; changer_back_color=&#8220;yes&#8220; uncode_shortcode_id=&#8220;167367&#8243; back_color_type=&#8220;uncode-palette&#8220;][vc_column width=&#8220;1\/1&#8243;][vc_custom_heading heading_semantic=&#8220;h1&#8243; text_size=&#8220;fontsize-338686&#8243; uncode_shortcode_id=&#8220;210894&#8243;]Code of [&hellip;]\" \/>\n<meta property=\"og:url\" content=\"https:\/\/www.chaka2.com\/de\/code-of-conduct\/\" \/>\n<meta property=\"og:site_name\" content=\"Chaka2\" \/>\n<meta property=\"article:modified_time\" content=\"2026-03-26T08:15:51+00:00\" \/>\n<meta property=\"og:image\" content=\"https:\/\/www.chaka2.com\/wp-content\/uploads\/Chaka2_Black_Logo_1200x675.png\" \/>\n\t<meta property=\"og:image:width\" content=\"1200\" \/>\n\t<meta property=\"og:image:height\" content=\"675\" \/>\n\t<meta property=\"og:image:type\" content=\"image\/png\" \/>\n<meta name=\"twitter:card\" content=\"summary_large_image\" \/>\n<meta name=\"twitter:label1\" content=\"Gesch\u00e4tzte Lesezeit\" \/>\n\t<meta name=\"twitter:data1\" content=\"2\u00a0Minuten\" \/>\n<script type=\"application\/ld+json\" class=\"yoast-schema-graph\">{\"@context\":\"https:\\\/\\\/schema.org\",\"@graph\":[{\"@type\":\"WebPage\",\"@id\":\"https:\\\/\\\/www.chaka2.com\\\/de\\\/code-of-conduct\\\/\",\"url\":\"https:\\\/\\\/www.chaka2.com\\\/de\\\/code-of-conduct\\\/\",\"name\":\"Code of Conduct | Chaka2\",\"isPartOf\":{\"@id\":\"https:\\\/\\\/www.chaka2.com\\\/de\\\/#website\"},\"datePublished\":\"2026-01-16T15:10:58+00:00\",\"dateModified\":\"2026-03-26T08:15:51+00:00\",\"breadcrumb\":{\"@id\":\"https:\\\/\\\/www.chaka2.com\\\/de\\\/code-of-conduct\\\/#breadcrumb\"},\"inLanguage\":\"de\",\"potentialAction\":[{\"@type\":\"ReadAction\",\"target\":[\"https:\\\/\\\/www.chaka2.com\\\/de\\\/code-of-conduct\\\/\"]}]},{\"@type\":\"BreadcrumbList\",\"@id\":\"https:\\\/\\\/www.chaka2.com\\\/de\\\/code-of-conduct\\\/#breadcrumb\",\"itemListElement\":[{\"@type\":\"ListItem\",\"position\":1,\"name\":\"Startseite\",\"item\":\"https:\\\/\\\/www.chaka2.com\\\/de\\\/\"},{\"@type\":\"ListItem\",\"position\":2,\"name\":\"Code of Conduct\"}]},{\"@type\":\"WebSite\",\"@id\":\"https:\\\/\\\/www.chaka2.com\\\/de\\\/#website\",\"url\":\"https:\\\/\\\/www.chaka2.com\\\/de\\\/\",\"name\":\"Chaka2\",\"description\":\"The Live Marketing Agency in Salzburg\",\"publisher\":{\"@id\":\"https:\\\/\\\/www.chaka2.com\\\/de\\\/#organization\"},\"potentialAction\":[{\"@type\":\"SearchAction\",\"target\":{\"@type\":\"EntryPoint\",\"urlTemplate\":\"https:\\\/\\\/www.chaka2.com\\\/de\\\/?s={search_term_string}\"},\"query-input\":{\"@type\":\"PropertyValueSpecification\",\"valueRequired\":true,\"valueName\":\"search_term_string\"}}],\"inLanguage\":\"de\"},{\"@type\":\"Organization\",\"@id\":\"https:\\\/\\\/www.chaka2.com\\\/de\\\/#organization\",\"name\":\"Chaka2\",\"url\":\"https:\\\/\\\/www.chaka2.com\\\/de\\\/\",\"logo\":{\"@type\":\"ImageObject\",\"inLanguage\":\"de\",\"@id\":\"https:\\\/\\\/www.chaka2.com\\\/de\\\/#\\\/schema\\\/logo\\\/image\\\/\",\"url\":\"https:\\\/\\\/www.chaka2.com\\\/wp-content\\\/uploads\\\/Chaka2_Black_Logo.png\",\"contentUrl\":\"https:\\\/\\\/www.chaka2.com\\\/wp-content\\\/uploads\\\/Chaka2_Black_Logo.png\",\"width\":959,\"height\":247,\"caption\":\"Chaka2\"},\"image\":{\"@id\":\"https:\\\/\\\/www.chaka2.com\\\/de\\\/#\\\/schema\\\/logo\\\/image\\\/\"}}]}<\/script>\n<!-- \/ Yoast SEO plugin. -->","yoast_head_json":{"title":"Code of Conduct | Chaka2","robots":{"index":"index","follow":"follow","max-snippet":"max-snippet:-1","max-image-preview":"max-image-preview:large","max-video-preview":"max-video-preview:-1"},"canonical":"https:\/\/www.chaka2.com\/de\/code-of-conduct\/","og_locale":"de_DE","og_type":"article","og_title":"Code of Conduct | Chaka2","og_description":"[vc_row row_height_percent=&#8220;0&#8243; override_padding=&#8220;yes&#8220; h_padding=&#8220;2&#8243; top_padding=&#8220;6&#8243; bottom_padding=&#8220;2&#8243; back_color=&#8220;color-xsdn&#8220; overlay_alpha=&#8220;50&#8243; gutter_size=&#8220;3&#8243; column_width_percent=&#8220;100&#8243; shift_y=&#8220;0&#8243; z_index=&#8220;0&#8243; changer_back_color=&#8220;yes&#8220; uncode_shortcode_id=&#8220;167367&#8243; back_color_type=&#8220;uncode-palette&#8220;][vc_column width=&#8220;1\/1&#8243;][vc_custom_heading heading_semantic=&#8220;h1&#8243; text_size=&#8220;fontsize-338686&#8243; uncode_shortcode_id=&#8220;210894&#8243;]Code of [&hellip;]","og_url":"https:\/\/www.chaka2.com\/de\/code-of-conduct\/","og_site_name":"Chaka2","article_modified_time":"2026-03-26T08:15:51+00:00","og_image":[{"width":1200,"height":675,"url":"https:\/\/www.chaka2.com\/wp-content\/uploads\/Chaka2_Black_Logo_1200x675.png","type":"image\/png"}],"twitter_card":"summary_large_image","twitter_misc":{"Gesch\u00e4tzte Lesezeit":"2\u00a0Minuten"},"schema":{"@context":"https:\/\/schema.org","@graph":[{"@type":"WebPage","@id":"https:\/\/www.chaka2.com\/de\/code-of-conduct\/","url":"https:\/\/www.chaka2.com\/de\/code-of-conduct\/","name":"Code of Conduct | Chaka2","isPartOf":{"@id":"https:\/\/www.chaka2.com\/de\/#website"},"datePublished":"2026-01-16T15:10:58+00:00","dateModified":"2026-03-26T08:15:51+00:00","breadcrumb":{"@id":"https:\/\/www.chaka2.com\/de\/code-of-conduct\/#breadcrumb"},"inLanguage":"de","potentialAction":[{"@type":"ReadAction","target":["https:\/\/www.chaka2.com\/de\/code-of-conduct\/"]}]},{"@type":"BreadcrumbList","@id":"https:\/\/www.chaka2.com\/de\/code-of-conduct\/#breadcrumb","itemListElement":[{"@type":"ListItem","position":1,"name":"Startseite","item":"https:\/\/www.chaka2.com\/de\/"},{"@type":"ListItem","position":2,"name":"Code of Conduct"}]},{"@type":"WebSite","@id":"https:\/\/www.chaka2.com\/de\/#website","url":"https:\/\/www.chaka2.com\/de\/","name":"Chaka2","description":"The Live Marketing Agency in Salzburg","publisher":{"@id":"https:\/\/www.chaka2.com\/de\/#organization"},"potentialAction":[{"@type":"SearchAction","target":{"@type":"EntryPoint","urlTemplate":"https:\/\/www.chaka2.com\/de\/?s={search_term_string}"},"query-input":{"@type":"PropertyValueSpecification","valueRequired":true,"valueName":"search_term_string"}}],"inLanguage":"de"},{"@type":"Organization","@id":"https:\/\/www.chaka2.com\/de\/#organization","name":"Chaka2","url":"https:\/\/www.chaka2.com\/de\/","logo":{"@type":"ImageObject","inLanguage":"de","@id":"https:\/\/www.chaka2.com\/de\/#\/schema\/logo\/image\/","url":"https:\/\/www.chaka2.com\/wp-content\/uploads\/Chaka2_Black_Logo.png","contentUrl":"https:\/\/www.chaka2.com\/wp-content\/uploads\/Chaka2_Black_Logo.png","width":959,"height":247,"caption":"Chaka2"},"image":{"@id":"https:\/\/www.chaka2.com\/de\/#\/schema\/logo\/image\/"}}]}},"_links":{"self":[{"href":"https:\/\/www.chaka2.com\/de\/wp-json\/wp\/v2\/pages\/146831","targetHints":{"allow":["GET"]}}],"collection":[{"href":"https:\/\/www.chaka2.com\/de\/wp-json\/wp\/v2\/pages"}],"about":[{"href":"https:\/\/www.chaka2.com\/de\/wp-json\/wp\/v2\/types\/page"}],"author":[{"embeddable":true,"href":"https:\/\/www.chaka2.com\/de\/wp-json\/wp\/v2\/users\/4"}],"replies":[{"embeddable":true,"href":"https:\/\/www.chaka2.com\/de\/wp-json\/wp\/v2\/comments?post=146831"}],"version-history":[{"count":6,"href":"https:\/\/www.chaka2.com\/de\/wp-json\/wp\/v2\/pages\/146831\/revisions"}],"predecessor-version":[{"id":146885,"href":"https:\/\/www.chaka2.com\/de\/wp-json\/wp\/v2\/pages\/146831\/revisions\/146885"}],"wp:attachment":[{"href":"https:\/\/www.chaka2.com\/de\/wp-json\/wp\/v2\/media?parent=146831"}],"curies":[{"name":"wp","href":"https:\/\/api.w.org\/{rel}","templated":true}]}}